{"id":9,"date":"2026-03-26T21:02:55","date_gmt":"2026-03-26T20:02:55","guid":{"rendered":"https:\/\/helenecouderc.com\/?page_id=9"},"modified":"2026-04-24T09:03:58","modified_gmt":"2026-04-24T08:03:58","slug":"votre-corps-vous-parle-ensemble-apprenons-a-lecouter","status":"publish","type":"page","link":"https:\/\/helenecouderc.com\/index.php\/votre-corps-vous-parle-ensemble-apprenons-a-lecouter\/","title":{"rendered":"Votre corps vous parle. Ensemble, apprenons \u00e0 l\u2019\u00e9couter."},"content":{"rendered":"\n<p>Vous sentez que votre corps a besoin d&rsquo;attention, que quelque chose s&rsquo;est fig\u00e9 avec les ann\u00e9es, le stress, l&rsquo;immobilit\u00e9 du quotidien. Vous cherchez plus qu&rsquo;un cours de sport : un accompagnement qui vous comprenne, qui s&rsquo;adapte \u00e0 vous, qui vous rende plus libre dans vos gestes et dans votre t\u00eate.<\/p>\n\n\n\n<p>Cours apr\u00e8s cours, nous construisons ensemble&nbsp;:<\/p>\n\n\n\n<ul class=\"wp-block-list\">\n<li>Une biblioth\u00e8que vivante de mouvements et de solutions qui vous appartiennent<\/li>\n\n\n\n<li>L\u2019apprentissage de m\u00e9thodes, de disciplines fonctionnelles, holistiques, qui d\u00e9velopperont votre conscience corporelle et vous construiront un corps fort et souple.<\/li>\n<\/ul>\n\n\n\n<p>\u00c0 travers le Pilates Romana Kryzanowska, le Yoga Ashtanga et les techniques les mieux pens\u00e9es du fitness, nous choisissons la discipline la plus adapt\u00e9e en fonction des cours, des p\u00e9riodes, de votre forme et de vos envies parce qu&rsquo;il est essentiel que vous y trouviez aussi du plaisir.<\/p>\n\n\n\n<p>L&rsquo;objectif est de renforcer, assouplir, sans jamais entraver le mouvement, accro\u00eetre votre mobilit\u00e9 articulaire pour d\u00e9velopper un corps fluide et harmonieux. Vous sentez l&rsquo;\u00e9nergie circuler sous mes mains, et la pr\u00e9cision du geste qui r\u00e9veille ce qui dormait. Une discipline douce, une exigence bienveillante, l&rsquo;apaisement d&rsquo;un corps qui comprend enfin ce qu&rsquo;on lui demande. Vous repartez plus libre dans vos mouvements, plus pr\u00e9sente dans votre peau.<\/p>\n\n\n\n<p>Parce qu&rsquo;habiter pleinement son corps, c&rsquo;est habiter pleinement sa vie.<\/p>\n","protected":false},"excerpt":{"rendered":"<p>Vous sentez que votre corps a besoin d&rsquo;attention, que quelque chose s&rsquo;est fig\u00e9 avec les ann\u00e9es, le stress, l&rsquo;immobilit\u00e9 du quotidien. Vous cherchez plus qu&rsquo;un cours de sport : un accompagnement qui vous comprenne, qui s&rsquo;adapte \u00e0 vous, qui vous rende plus libre dans vos gestes et dans votre t\u00eate. Cours apr\u00e8s cours, nous construisons [&hellip;]<\/p>\n","protected":false},"author":1,"featured_media":17,"parent":0,"menu_order":0,"comment_status":"closed","ping_status":"closed","template":"","meta":{"footnotes":""},"class_list":["post-9","page","type-page","status-publish","has-post-thumbnail","hentry"],"_links":{"self":[{"href":"https:\/\/helenecouderc.com\/index.php\/wp-json\/wp\/v2\/pages\/9","targetHints":{"allow":["GET"]}}],"collection":[{"href":"https:\/\/helenecouderc.com\/index.php\/wp-json\/wp\/v2\/pages"}],"about":[{"href":"https:\/\/helenecouderc.com\/index.php\/wp-json\/wp\/v2\/types\/page"}],"author":[{"embeddable":true,"href":"https:\/\/helenecouderc.com\/index.php\/wp-json\/wp\/v2\/users\/1"}],"replies":[{"embeddable":true,"href":"https:\/\/helenecouderc.com\/index.php\/wp-json\/wp\/v2\/comments?post=9"}],"version-history":[{"count":2,"href":"https:\/\/helenecouderc.com\/index.php\/wp-json\/wp\/v2\/pages\/9\/revisions"}],"predecessor-version":[{"id":76,"href":"https:\/\/helenecouderc.com\/index.php\/wp-json\/wp\/v2\/pages\/9\/revisions\/76"}],"wp:featuredmedia":[{"embeddable":true,"href":"https:\/\/helenecouderc.com\/index.php\/wp-json\/wp\/v2\/media\/17"}],"wp:attachment":[{"href":"https:\/\/helenecouderc.com\/index.php\/wp-json\/wp\/v2\/media?parent=9"}],"curies":[{"name":"wp","href":"https:\/\/api.w.org\/{rel}","templated":true}]}}