{"id":15,"date":"2026-03-26T21:04:46","date_gmt":"2026-03-26T20:04:46","guid":{"rendered":"https:\/\/helenecouderc.com\/?page_id=15"},"modified":"2026-04-22T09:13:03","modified_gmt":"2026-04-22T08:13:03","slug":"informations-pratiques","status":"publish","type":"page","link":"https:\/\/helenecouderc.com\/index.php\/informations-pratiques\/","title":{"rendered":"Informations pratiques"},"content":{"rendered":"\n<p>Cours \u00e0 domicile dans Paris Intra-muros<\/p>\n\n\n\n<p>Pour 1 \u00e0 2 personnes<\/p>\n\n\n\n<p>Cours de 1heure (1heure 30 pour le yoga possible \u00e9galement)<\/p>\n\n\n\n<p>Cours \u00e0 distance possible apr\u00e8s de premiers cours en r\u00e9el<\/p>\n","protected":false},"excerpt":{"rendered":"<p>Cours \u00e0 domicile dans Paris Intra-muros Pour 1 \u00e0 2 personnes Cours de 1heure (1heure 30 pour le yoga possible \u00e9galement) Cours \u00e0 distance possible apr\u00e8s de premiers cours en r\u00e9el<\/p>\n","protected":false},"author":1,"featured_media":22,"parent":0,"menu_order":0,"comment_status":"closed","ping_status":"closed","template":"","meta":{"footnotes":""},"class_list":["post-15","page","type-page","status-publish","has-post-thumbnail","hentry"],"_links":{"self":[{"href":"https:\/\/helenecouderc.com\/index.php\/wp-json\/wp\/v2\/pages\/15","targetHints":{"allow":["GET"]}}],"collection":[{"href":"https:\/\/helenecouderc.com\/index.php\/wp-json\/wp\/v2\/pages"}],"about":[{"href":"https:\/\/helenecouderc.com\/index.php\/wp-json\/wp\/v2\/types\/page"}],"author":[{"embeddable":true,"href":"https:\/\/helenecouderc.com\/index.php\/wp-json\/wp\/v2\/users\/1"}],"replies":[{"embeddable":true,"href":"https:\/\/helenecouderc.com\/index.php\/wp-json\/wp\/v2\/comments?post=15"}],"version-history":[{"count":2,"href":"https:\/\/helenecouderc.com\/index.php\/wp-json\/wp\/v2\/pages\/15\/revisions"}],"predecessor-version":[{"id":63,"href":"https:\/\/helenecouderc.com\/index.php\/wp-json\/wp\/v2\/pages\/15\/revisions\/63"}],"wp:featuredmedia":[{"embeddable":true,"href":"https:\/\/helenecouderc.com\/index.php\/wp-json\/wp\/v2\/media\/22"}],"wp:attachment":[{"href":"https:\/\/helenecouderc.com\/index.php\/wp-json\/wp\/v2\/media?parent=15"}],"curies":[{"name":"wp","href":"https:\/\/api.w.org\/{rel}","templated":true}]}}