{"id":11,"date":"2026-03-26T21:03:51","date_gmt":"2026-03-26T20:03:51","guid":{"rendered":"https:\/\/helenecouderc.com\/?page_id=11"},"modified":"2026-04-22T09:13:12","modified_gmt":"2026-04-22T08:13:12","slug":"ma-vision-du-sport-lart-du-mouvement-juste","status":"publish","type":"page","link":"https:\/\/helenecouderc.com\/index.php\/ma-vision-du-sport-lart-du-mouvement-juste\/","title":{"rendered":"Ma vision du sport : l&rsquo;art du mouvement juste"},"content":{"rendered":"\n<p>Quand j&rsquo;ai obtenu mon dipl\u00f4me des m\u00e9tiers de la forme il y a vingt ans, j&rsquo;avais beau pratiquer le fitness assid\u00fbment depuis quinze ans et avoir concouru \u00e0 d&rsquo;importantes comp\u00e9titions, je me suis dit que tout restait \u00e0 d\u00e9couvrir, \u00e0 apprendre. J&rsquo;ai trouv\u00e9 \u00e7a exaltant.<\/p>\n\n\n\n<p>Je crois au pouvoir de l&rsquo;exp\u00e9rience \u2013 l&rsquo;exp\u00e9rience des corps. Chaque corps est diff\u00e9rent, chaque pathologie est particuli\u00e8re, chacun entretient avec son corps un rapport qui lui est propre. L&rsquo;enjeu pour moi, c&rsquo;est de m&rsquo;adapter \u00e0 la personne que j&rsquo;ai en face. D&rsquo;observer, \u00e0 chaque d\u00e9but de cours, sa forme physique et \u00e9motionnelle du moment, pour lui apporter la meilleure fa\u00e7on de travailler aujourd&rsquo;hui.<\/p>\n\n\n\n<p>Je pratique des disciplines rares : fonctionnelles et holistiques, elles travaillent les muscles profonds, d\u00e9veloppent un centre tr\u00e8s fort, et combinent force, souplesse et contr\u00f4le simultan\u00e9ment \u2013 peu de pratiques offrent cette compl\u00e9tude.<\/p>\n\n\n\n<p>Jamais je ne vous proposerai une pratique qui ne vous convient pas sous pr\u00e9texte qu&rsquo;elle est tentante ou qu\u2019elle fait parler d\u2019elle. Nous trouverons ensemble ce qui a du sens pour vous, au moment o\u00f9 vous en avez besoin.<\/p>\n","protected":false},"excerpt":{"rendered":"<p>Quand j&rsquo;ai obtenu mon dipl\u00f4me des m\u00e9tiers de la forme il y a vingt ans, j&rsquo;avais beau pratiquer le fitness assid\u00fbment depuis quinze ans et avoir concouru \u00e0 d&rsquo;importantes comp\u00e9titions, je me suis dit que tout restait \u00e0 d\u00e9couvrir, \u00e0 apprendre. J&rsquo;ai trouv\u00e9 \u00e7a exaltant. Je crois au pouvoir de l&rsquo;exp\u00e9rience \u2013 l&rsquo;exp\u00e9rience des corps. [&hellip;]<\/p>\n","protected":false},"author":1,"featured_media":19,"parent":0,"menu_order":0,"comment_status":"closed","ping_status":"closed","template":"","meta":{"footnotes":""},"class_list":["post-11","page","type-page","status-publish","has-post-thumbnail","hentry"],"_links":{"self":[{"href":"https:\/\/helenecouderc.com\/index.php\/wp-json\/wp\/v2\/pages\/11","targetHints":{"allow":["GET"]}}],"collection":[{"href":"https:\/\/helenecouderc.com\/index.php\/wp-json\/wp\/v2\/pages"}],"about":[{"href":"https:\/\/helenecouderc.com\/index.php\/wp-json\/wp\/v2\/types\/page"}],"author":[{"embeddable":true,"href":"https:\/\/helenecouderc.com\/index.php\/wp-json\/wp\/v2\/users\/1"}],"replies":[{"embeddable":true,"href":"https:\/\/helenecouderc.com\/index.php\/wp-json\/wp\/v2\/comments?post=11"}],"version-history":[{"count":1,"href":"https:\/\/helenecouderc.com\/index.php\/wp-json\/wp\/v2\/pages\/11\/revisions"}],"predecessor-version":[{"id":12,"href":"https:\/\/helenecouderc.com\/index.php\/wp-json\/wp\/v2\/pages\/11\/revisions\/12"}],"wp:featuredmedia":[{"embeddable":true,"href":"https:\/\/helenecouderc.com\/index.php\/wp-json\/wp\/v2\/media\/19"}],"wp:attachment":[{"href":"https:\/\/helenecouderc.com\/index.php\/wp-json\/wp\/v2\/media?parent=11"}],"curies":[{"name":"wp","href":"https:\/\/api.w.org\/{rel}","templated":true}]}}